{"id":693,"date":"2023-01-31T01:50:22","date_gmt":"2023-01-30T23:50:22","guid":{"rendered":"http:\/\/speedsrentacar.com\/?page_id=693"},"modified":"2025-05-28T21:32:27","modified_gmt":"2025-05-28T19:32:27","slug":"terms-and-conditions","status":"publish","type":"page","link":"https:\/\/speedsrentacar.com\/de\/terms-and-conditions\/","title":{"rendered":"Bedingungen und Konditionen"},"content":{"rendered":"<div data-elementor-type=\"wp-page\" data-elementor-id=\"693\" class=\"elementor elementor-693\">\n\t\t\t\t\t\t<section class=\"elementor-section elementor-top-section elementor-element elementor-element-3888c33a elementor-section-height-min-height elementor-section-boxed elementor-section-height-default elementor-section-items-middle\" data-id=\"3888c33a\" data-element_type=\"section\" data-e-type=\"section\" data-settings=\"{&quot;background_background&quot;:&quot;classic&quot;}\">\n\t\t\t\t\t\t\t<div class=\"elementor-background-overlay\"><\/div>\n\t\t\t\t\t\t\t<div class=\"elementor-container elementor-column-gap-no\">\n\t\t\t\t\t<div class=\"elementor-column elementor-col-100 elementor-top-column elementor-element elementor-element-25a862fe\" data-id=\"25a862fe\" data-element_type=\"column\" data-e-type=\"column\">\n\t\t\t<div class=\"elementor-widget-wrap elementor-element-populated\">\n\t\t\t\t\t\t<div class=\"elementor-element elementor-element-706a5dde elementor-hidden-tablet elementor-hidden-mobile elementor-widget elementor-widget-spacer\" data-id=\"706a5dde\" data-element_type=\"widget\" data-e-type=\"widget\" data-widget_type=\"spacer.default\">\n\t\t\t\t<div class=\"elementor-widget-container\">\n\t\t\t\t\t\t\t<div class=\"elementor-spacer\">\n\t\t\t<div class=\"elementor-spacer-inner\"><\/div>\n\t\t<\/div>\n\t\t\t\t\t\t<\/div>\n\t\t\t\t<\/div>\n\t\t\t\t<section class=\"elementor-section elementor-inner-section elementor-element elementor-element-18a678f5 elementor-section-boxed elementor-section-height-default elementor-section-height-default\" data-id=\"18a678f5\" data-element_type=\"section\" data-e-type=\"section\">\n\t\t\t\t\t\t<div class=\"elementor-container elementor-column-gap-no\">\n\t\t\t\t\t<div class=\"elementor-column elementor-col-100 elementor-inner-column elementor-element elementor-element-705fad41\" data-id=\"705fad41\" data-element_type=\"column\" data-e-type=\"column\">\n\t\t\t<div class=\"elementor-widget-wrap elementor-element-populated\">\n\t\t\t\t\t\t<div class=\"elementor-element elementor-element-263b12a2 elementor-widget elementor-widget-heading\" data-id=\"263b12a2\" data-element_type=\"widget\" data-e-type=\"widget\" data-widget_type=\"heading.default\">\n\t\t\t\t<div class=\"elementor-widget-container\">\n\t\t\t\t\t<h1 class=\"elementor-heading-title elementor-size-default\">Bedingungen und Konditionen<\/h1>\t\t\t\t<\/div>\n\t\t\t\t<\/div>\n\t\t\t\t\t<\/div>\n\t\t<\/div>\n\t\t\t\t\t<\/div>\n\t\t<\/section>\n\t\t\t\t<section class=\"elementor-section elementor-inner-section elementor-element elementor-element-1569cea6 elementor-section-boxed elementor-section-height-default elementor-section-height-default\" data-id=\"1569cea6\" data-element_type=\"section\" data-e-type=\"section\">\n\t\t\t\t\t\t<div class=\"elementor-container elementor-column-gap-no\">\n\t\t\t\t\t<div class=\"elementor-column elementor-col-100 elementor-inner-column elementor-element elementor-element-f9f8523\" data-id=\"f9f8523\" data-element_type=\"column\" data-e-type=\"column\">\n\t\t\t<div class=\"elementor-widget-wrap elementor-element-populated\">\n\t\t\t\t\t\t<div class=\"elementor-element elementor-element-7b45a33e elementor-widget elementor-widget-heading\" data-id=\"7b45a33e\" data-element_type=\"widget\" data-e-type=\"widget\" data-widget_type=\"heading.default\">\n\t\t\t\t<div class=\"elementor-widget-container\">\n\t\t\t\t\t<h3 class=\"elementor-heading-title elementor-size-default\">Alles, was Sie \u00fcber Ihren Mietvertrag wissen m\u00fcssen!<\/h3>\t\t\t\t<\/div>\n\t\t\t\t<\/div>\n\t\t\t\t\t<\/div>\n\t\t<\/div>\n\t\t\t\t\t<\/div>\n\t\t<\/section>\n\t\t\t\t\t<\/div>\n\t\t<\/div>\n\t\t\t\t\t<\/div>\n\t\t<\/section>\n\t\t\t\t<section class=\"elementor-section elementor-top-section elementor-element elementor-element-f735993 elementor-section-boxed elementor-section-height-default elementor-section-height-default\" data-id=\"f735993\" data-element_type=\"section\" data-e-type=\"section\">\n\t\t\t\t\t\t<div class=\"elementor-container elementor-column-gap-default\">\n\t\t\t\t\t<div class=\"elementor-column elementor-col-100 elementor-top-column elementor-element elementor-element-5e7641f\" data-id=\"5e7641f\" data-element_type=\"column\" data-e-type=\"column\">\n\t\t\t<div class=\"elementor-widget-wrap elementor-element-populated\">\n\t\t\t\t\t\t<div class=\"elementor-element elementor-element-523cffa elementor-widget elementor-widget-heading\" data-id=\"523cffa\" data-element_type=\"widget\" data-e-type=\"widget\" data-widget_type=\"heading.default\">\n\t\t\t\t<div class=\"elementor-widget-container\">\n\t\t\t\t\t<h2 class=\"elementor-heading-title elementor-size-default\">Bedingungen und Konditionen<\/h2>\t\t\t\t<\/div>\n\t\t\t\t<\/div>\n\t\t\t\t<div class=\"elementor-element elementor-element-b3ec8fc elementor-widget elementor-widget-text-editor\" data-id=\"b3ec8fc\" data-element_type=\"widget\" data-e-type=\"widget\" data-widget_type=\"text-editor.default\">\n\t\t\t\t<div class=\"elementor-widget-container\">\n\t\t\t\t\t\t\t\t\t<h4><strong>Anforderungen an Alter und F\u00fchrerschein<\/strong><\/h4><ul><li>Der Fahrer muss <strong>mindestens 21 Jahre alt<\/strong> und haben einen g\u00fcltigen F\u00fchrerschein f\u00fcr mindestens <strong>1 Jahr<\/strong> um Fahrzeuge in unseren kleinen Kategorien zu mieten.<\/li><li><strong>F\u00fcr griechische B\u00fcrger<\/strong>ist das Mindestalter <strong>20 Jahre<\/strong>.<\/li><li>F\u00fcr Fahrer mit F\u00fchrerscheinen in nicht-r\u00f6mischen Schriftzeichen (z. B. Arabisch, Kyrillisch, Chinesisch) ist ein <strong>Internationaler F\u00fchrerschein<\/strong> erforderlich, oder es muss eine offizielle \u00dcbersetzung vorgelegt werden.<\/li><\/ul><hr \/><h4><strong>Preis &amp; Zahlungsdetails<\/strong><\/h4><ul><li><strong>Preis beinhaltet<\/strong>: Unbegrenzte Kilometer, Abholung und R\u00fcckgabe, Zusatzfahrer, Pannenhilfe und Haftpflichtversicherung.<\/li><li>A <strong>5% Steuer<\/strong> gilt, wird an der Kasse berechnet, ist aber im Endpreis enthalten.<\/li><li><strong>Preis\u00e4nderungen<\/strong> k\u00f6nnen ohne Vorwarnung auftreten, aber <strong>aktive Reservierungen<\/strong> nicht beeintr\u00e4chtigt werden.<\/li><\/ul><h4><strong>Zahlungsarten<\/strong><\/h4><ul><li>PayPal, Debitkarte, <strong>VISA<\/strong>, <strong>MasterCard<\/strong>, oder <strong>Bargeld<\/strong> bei Abholung.<\/li><li><strong>Nicht akzeptiert<\/strong>: Diners Club, American Express.<\/li><li>Die verwendete Karte muss auf den Namen des <strong>Haupttreiber<\/strong>.<\/li><li>F\u00fcr <strong>Garantie<\/strong>: Bei der Abholung des Fahrzeugs muss eine auf den Namen des Fahrers lautende Kredit-\/Debitkarte vorgelegt werden.<\/li><\/ul><p><strong>Erm\u00e4\u00dfigungen<\/strong>: PayPal-Zahlungen haben 2% Rabatt auf den Gesamtpreis.<\/p><h4><strong>Zahlungspakete<\/strong><\/h4><ul><li><strong>Klassisches Paket<\/strong>: Collision Damage Waiver (CDW) - Deckt Sch\u00e4den mit einem <strong>300 \u20ac Selbstbeteiligung<\/strong> (Der Fahrer haftet f\u00fcr die ersten 300 \u20ac des Schadens).<br \/>Ausschl\u00fcsse: Brillen, Spiegel, R\u00e4der und die Unterseite des Fahrzeugs.<\/li><li><strong>Premium-Paket<\/strong>: Full Damage Waiver (FDW) - Keine Selbstbeteiligung, 100% Deckung.<br \/>Ausschl\u00fcsse: Brillen, Spiegel, R\u00e4der und die Unterseite des Fahrzeugs.<\/li><\/ul><h4><strong>Unfall und Besch\u00e4digung<\/strong><\/h4><p>Im Falle eines <strong>Unfall oder Besch\u00e4digung<\/strong>, a <strong>\u20ac40<\/strong> Geb\u00fchr f\u00fcr die Verwaltung von Unfalldateien erhoben.<br \/>Der Mieter muss <strong>Kontaktieren Sie Speeds Rent A Car sofort<\/strong> im Falle eines Zwischenfalls.<\/p><h4><strong>Versicherungsschutz<\/strong><\/h4><ul><li><strong>Haftpflichtversicherung<\/strong> ist bei allen Vermietungen inbegriffen.<\/li><li><strong>Haftpflichtversicherung<\/strong>: Deckt Sch\u00e4den an Dritten ab.<\/li><li><strong>Kollisionsschadenversicherung (CDW)<\/strong>: In allen Paketen inbegriffen.<\/li><li><strong>Diebstahl- und Feuerschutz<\/strong>: In allen Mietvertr\u00e4gen enthalten.<\/li><li><strong>Vollst\u00e4ndige Schadensbefreiung (FDW)<\/strong>: Verf\u00fcgbar mit Premium-Paket (ohne Selbstbeteiligung).<\/li><\/ul><hr \/><h4><strong>Fahrzeugabholung &amp; Zustand<\/strong><\/h4><p>Bei der Abholung wird die <strong>Mietvertrag<\/strong> muss unterschrieben werden, in dem alle erbrachten Leistungen und Zusatzkosten aufgef\u00fchrt sind.<br \/>Der Mieter ist verantwortlich f\u00fcr die \u00dcberpr\u00fcfung des Fahrzeugs auf eventuelle <strong>bestehende Sch\u00e4den<\/strong> und sofort zu melden.<br \/>A <strong>Konditionsform<\/strong> muss bei der Abholung und R\u00fcckgabe unterschrieben werden.<\/p><h4><strong>Kraftstoff-Politik<\/strong><\/h4><ul><li>Das Fahrzeug muss mit dem Fahrzeugbrief zur\u00fcckgegeben werden. <strong>dieselbe Menge an Kraftstoff<\/strong> die es bei der Abholung hatte.<\/li><li>F\u00fcr zus\u00e4tzlichen Kraftstoff wird keine Erstattung gew\u00e4hrt.<\/li><li>Tankstellen sind <strong>in der N\u00e4he<\/strong> auf unserem Parkplatz und am Flughafen\/Hafen.<\/li><\/ul><h4><strong>Zus\u00e4tzliche Kosten<\/strong><\/h4><p>Die Mietpreise basieren auf einem <strong>24 Stunden Abrechnungszeitraum<\/strong>.<br \/>Zus\u00e4tzliche Geb\u00fchren fallen nur an, wenn die Miete mehr als <strong>24 Stunden<\/strong>.<\/p><h4><strong>Stornierungspolitik<\/strong><\/h4><ul><li>Annullierungen sind <strong>unentgeltlich<\/strong> mit <strong>12 Stunden im Voraus<\/strong> (per E-Mail oder Telefon).<\/li><li><strong>PayPal-Erstattungen<\/strong>: 3\u20ac Geb\u00fchr bei Stornierung nach 12 Stunden.<\/li><\/ul><h4><strong>Bu\u00dfgelder &amp; Haftungen<\/strong><\/h4><ul><li>Die folgenden sind <strong>nicht abgedeckt<\/strong> durch eine Versicherung:<ul><li>Besch\u00e4digung von Metall, Glas oder mechanischen Teilen.<\/li><li>Nicht gemeldete Sch\u00e4den oder Verluste (innen oder au\u00dfen).<\/li><li>Sch\u00e4den, die unter Alkohol- oder Drogeneinfluss, bei r\u00fccksichtslosem Fahren oder im Gel\u00e4nde verursacht wurden.<\/li><li>Verlust von Schl\u00fcsseln, Nummernschildern oder nicht gemeldeten Unf\u00e4llen.<\/li><li>Das Vers\u00e4umnis, einen Unfall zu melden, kann dazu f\u00fchren, dass <strong>Verlust des Versicherungsschutzes<\/strong>.<\/li><\/ul><\/li><li><strong>Bu\u00dfgelder im Stra\u00dfenverkehr<\/strong>: Der Mieter ist f\u00fcr alle w\u00e4hrend der Mietzeit anfallenden Bu\u00dfgelder verantwortlich.<\/li><\/ul><hr \/><h4><strong>Zus\u00e4tzliche Policen<\/strong><\/h4><ul><li><strong>\u00dcberf\u00fchrung des Autos<\/strong>: Verboten. Das Fahrzeug muss bleiben <strong>innerhalb der Insel Rhodes<\/strong>.<\/li><li><strong>Auto-Reinigung<\/strong>: Zus\u00e4tzliche Reinigungsgeb\u00fchren k\u00f6nnen anfallen, wenn das Fahrzeug aufgrund von Flecken oder Besch\u00e4digungen eine spezielle Reinigung ben\u00f6tigt.<\/li><li><strong>Mietverl\u00e4ngerungen<\/strong>: Wenn die Mietdauer verl\u00e4ngert wird, muss der Mietvertrag aktualisiert werden. Andernfalls wird der Tagessatz verdoppelt, und das Fahrzeug muss vollgetankt werden.<\/li><\/ul>\t\t\t\t\t\t\t\t<\/div>\n\t\t\t\t<\/div>\n\t\t\t\t\t<\/div>\n\t\t<\/div>\n\t\t\t\t\t<\/div>\n\t\t<\/section>\n\t\t\t\t<\/div>","protected":false},"excerpt":{"rendered":"<p>Terms &#038; Conditions All you need to know about your rental agreement! Terms and conditions Driver's Age &amp; License Requirements The driver must be at least 21 years old and have a valid driving license for at least 1 year to rent vehicles in our small categories. For Greek citizens, the minimum age requirement is [&hellip;]<\/p>\n","protected":false},"author":2,"featured_media":0,"parent":0,"menu_order":12,"comment_status":"closed","ping_status":"closed","template":"","meta":{"site-sidebar-layout":"no-sidebar","site-content-layout":"page-builder","ast-site-content-layout":"default","site-content-style":"default","site-sidebar-style":"default","ast-global-header-display":"","ast-banner-title-visibility":"","ast-main-header-display":"","ast-hfb-above-header-display":"","ast-hfb-below-header-display":"","ast-hfb-mobile-header-display":"","site-post-title":"disabled","ast-breadcrumbs-content":"","ast-featured-img":"disabled","footer-sml-layout":"","ast-disable-related-posts":"","theme-transparent-header-meta":"","adv-header-id-meta":"","stick-header-meta":"","header-above-stick-meta":"","header-main-stick-meta":"","header-below-stick-meta":"","astra-migrate-meta-layouts":"default","ast-page-background-enabled":"default","ast-page-background-meta":{"desktop":{"background-color":"","background-image":"","background-repeat":"repeat","background-position":"center center","background-size":"auto","background-attachment":"scroll","background-type":"","background-media":"","overlay-type":"","overlay-color":"","overlay-opacity":"","overlay-gradient":""},"tablet":{"background-color":"","background-image":"","background-repeat":"repeat","background-position":"center center","background-size":"auto","background-attachment":"scroll","background-type":"","background-media":"","overlay-type":"","overlay-color":"","overlay-opacity":"","overlay-gradient":""},"mobile":{"background-color":"","background-image":"","background-repeat":"repeat","background-position":"center center","background-size":"auto","background-attachment":"scroll","background-type":"","background-media":"","overlay-type":"","overlay-color":"","overlay-opacity":"","overlay-gradient":""}},"ast-content-background-meta":{"desktop":{"background-color":"var(--ast-global-color-5)","background-image":"","background-repeat":"repeat","background-position":"center center","background-size":"auto","background-attachment":"scroll","background-type":"","background-media":"","overlay-type":"","overlay-color":"","overlay-opacity":"","overlay-gradient":""},"tablet":{"background-color":"var(--ast-global-color-5)","background-image":"","background-repeat":"repeat","background-position":"center center","background-size":"auto","background-attachment":"scroll","background-type":"","background-media":"","overlay-type":"","overlay-color":"","overlay-opacity":"","overlay-gradient":""},"mobile":{"background-color":"var(--ast-global-color-5)","background-image":"","background-repeat":"repeat","background-position":"center center","background-size":"auto","background-attachment":"scroll","background-type":"","background-media":"","overlay-type":"","overlay-color":"","overlay-opacity":"","overlay-gradient":""}},"footnotes":""},"class_list":["post-693","page","type-page","status-publish","hentry"],"yoast_head":"<!-- This site is optimized with the Yoast SEO Premium plugin v23.8 (Yoast SEO v27.2) - https:\/\/yoast.com\/product\/yoast-seo-premium-wordpress\/ -->\n<title>Rent a car Rhodes - Terms and Conditions - Speeds Rent a Car<\/title>\n<meta name=\"description\" content=\"General Terms: The payment methods at Speeds rent a car are: PayPal, debit card, VISA or MasterCard credit card or cash on pick up.\" \/>\n<meta name=\"robots\" content=\"index, follow, max-snippet:-1, max-image-preview:large, max-video-preview:-1\" \/>\n<link rel=\"canonical\" href=\"https:\/\/speedsrentacar.com\/de\/terms-and-conditions\/\" \/>\n<meta property=\"og:locale\" content=\"de_DE\" \/>\n<meta property=\"og:type\" content=\"article\" \/>\n<meta property=\"og:title\" content=\"Terms and Conditions\" \/>\n<meta property=\"og:description\" content=\"General Terms: The payment methods at Speeds rent a car are: PayPal, debit card, VISA or MasterCard credit card or cash on pick up.\" \/>\n<meta property=\"og:url\" content=\"https:\/\/speedsrentacar.com\/de\/terms-and-conditions\/\" \/>\n<meta property=\"og:site_name\" content=\"Speeds Rent a Car\" \/>\n<meta property=\"article:publisher\" content=\"https:\/\/www.facebook.com\/speedsrentacar\/\" \/>\n<meta property=\"article:modified_time\" content=\"2025-05-28T19:32:27+00:00\" \/>\n<meta name=\"twitter:card\" content=\"summary_large_image\" \/>\n<meta name=\"twitter:label1\" content=\"Gesch\u00e4tzte Lesezeit\" \/>\n\t<meta name=\"twitter:data1\" content=\"3\u00a0Minuten\" \/>\n<script type=\"application\/ld+json\" class=\"yoast-schema-graph\">{\"@context\":\"https:\/\/schema.org\",\"@graph\":[{\"@type\":\"WebPage\",\"@id\":\"https:\/\/speedsrentacar.com\/terms-and-conditions\/\",\"url\":\"https:\/\/speedsrentacar.com\/terms-and-conditions\/\",\"name\":\"Rent a car Rhodes - Terms and Conditions - Speeds Rent a Car\",\"isPartOf\":{\"@id\":\"https:\/\/speedsrentacar.com\/#website\"},\"datePublished\":\"2023-01-30T23:50:22+00:00\",\"dateModified\":\"2025-05-28T19:32:27+00:00\",\"description\":\"General Terms: The payment methods at Speeds rent a car are: PayPal, debit card, VISA or MasterCard credit card or cash on pick up.\",\"breadcrumb\":{\"@id\":\"https:\/\/speedsrentacar.com\/terms-and-conditions\/#breadcrumb\"},\"inLanguage\":\"de\",\"potentialAction\":[{\"@type\":\"ReadAction\",\"target\":[\"https:\/\/speedsrentacar.com\/terms-and-conditions\/\"]}]},{\"@type\":\"BreadcrumbList\",\"@id\":\"https:\/\/speedsrentacar.com\/terms-and-conditions\/#breadcrumb\",\"itemListElement\":[{\"@type\":\"ListItem\",\"position\":1,\"name\":\"Home\",\"item\":\"https:\/\/speedsrentacar.com\/\"},{\"@type\":\"ListItem\",\"position\":2,\"name\":\"Terms and Conditions\"}]},{\"@type\":\"WebSite\",\"@id\":\"https:\/\/speedsrentacar.com\/#website\",\"url\":\"https:\/\/speedsrentacar.com\/\",\"name\":\"Speeds rent a car\",\"description\":\"Rent a car Rhodes\",\"publisher\":{\"@id\":\"https:\/\/speedsrentacar.com\/#organization\"},\"potentialAction\":[{\"@type\":\"SearchAction\",\"target\":{\"@type\":\"EntryPoint\",\"urlTemplate\":\"https:\/\/speedsrentacar.com\/?s={search_term_string}\"},\"query-input\":{\"@type\":\"PropertyValueSpecification\",\"valueRequired\":true,\"valueName\":\"search_term_string\"}}],\"inLanguage\":\"de\"},{\"@type\":\"Organization\",\"@id\":\"https:\/\/speedsrentacar.com\/#organization\",\"name\":\"Speeds Rent A Car\",\"url\":\"https:\/\/speedsrentacar.com\/\",\"logo\":{\"@type\":\"ImageObject\",\"inLanguage\":\"de\",\"@id\":\"https:\/\/speedsrentacar.com\/#\/schema\/logo\/image\/\",\"url\":\"https:\/\/speedsrentacar.com\/wp-content\/uploads\/2024\/02\/rent-a-car-rhodes-speeds-logo563x563.png\",\"contentUrl\":\"https:\/\/speedsrentacar.com\/wp-content\/uploads\/2024\/02\/rent-a-car-rhodes-speeds-logo563x563.png\",\"width\":563,\"height\":563,\"caption\":\"Speeds Rent A Car\"},\"image\":{\"@id\":\"https:\/\/speedsrentacar.com\/#\/schema\/logo\/image\/\"},\"sameAs\":[\"https:\/\/www.facebook.com\/speedsrentacar\/\"],\"description\":\"Speeds is a car rental company in Rhodes island, in the area of Ialysos. Rent a car & Transfers\",\"email\":\"speedsrentcar@gmail.com\",\"telephone\":\"6980906561\",\"legalName\":\"SPEEDS RENT A CAR \u0399 \u039a \u0395\",\"foundingDate\":\"2022-10-20\",\"vatID\":\"801942933\",\"numberOfEmployees\":{\"@type\":\"QuantitativeValue\",\"minValue\":\"1\",\"maxValue\":\"10\"}}]}<\/script>\n<!-- \/ Yoast SEO Premium plugin. -->","yoast_head_json":{"title":"Rent a car Rhodes - Terms and Conditions - Speeds Rent a Car","description":"General Terms: The payment methods at Speeds rent a car are: PayPal, debit card, VISA or MasterCard credit card or cash on pick up.","robots":{"index":"index","follow":"follow","max-snippet":"max-snippet:-1","max-image-preview":"max-image-preview:large","max-video-preview":"max-video-preview:-1"},"canonical":"https:\/\/speedsrentacar.com\/de\/terms-and-conditions\/","og_locale":"de_DE","og_type":"article","og_title":"Terms and Conditions","og_description":"General Terms: The payment methods at Speeds rent a car are: PayPal, debit card, VISA or MasterCard credit card or cash on pick up.","og_url":"https:\/\/speedsrentacar.com\/de\/terms-and-conditions\/","og_site_name":"Speeds Rent a Car","article_publisher":"https:\/\/www.facebook.com\/speedsrentacar\/","article_modified_time":"2025-05-28T19:32:27+00:00","twitter_card":"summary_large_image","twitter_misc":{"Gesch\u00e4tzte Lesezeit":"3\u00a0Minuten"},"schema":{"@context":"https:\/\/schema.org","@graph":[{"@type":"WebPage","@id":"https:\/\/speedsrentacar.com\/terms-and-conditions\/","url":"https:\/\/speedsrentacar.com\/terms-and-conditions\/","name":"Rent a car Rhodes - Terms and Conditions - Speeds Rent a Car","isPartOf":{"@id":"https:\/\/speedsrentacar.com\/#website"},"datePublished":"2023-01-30T23:50:22+00:00","dateModified":"2025-05-28T19:32:27+00:00","description":"General Terms: The payment methods at Speeds rent a car are: PayPal, debit card, VISA or MasterCard credit card or cash on pick up.","breadcrumb":{"@id":"https:\/\/speedsrentacar.com\/terms-and-conditions\/#breadcrumb"},"inLanguage":"de","potentialAction":[{"@type":"ReadAction","target":["https:\/\/speedsrentacar.com\/terms-and-conditions\/"]}]},{"@type":"BreadcrumbList","@id":"https:\/\/speedsrentacar.com\/terms-and-conditions\/#breadcrumb","itemListElement":[{"@type":"ListItem","position":1,"name":"Home","item":"https:\/\/speedsrentacar.com\/"},{"@type":"ListItem","position":2,"name":"Terms and Conditions"}]},{"@type":"WebSite","@id":"https:\/\/speedsrentacar.com\/#website","url":"https:\/\/speedsrentacar.com\/","name":"Speeds rent a car","description":"Rent a car Rhodes","publisher":{"@id":"https:\/\/speedsrentacar.com\/#organization"},"potentialAction":[{"@type":"SearchAction","target":{"@type":"EntryPoint","urlTemplate":"https:\/\/speedsrentacar.com\/?s={search_term_string}"},"query-input":{"@type":"PropertyValueSpecification","valueRequired":true,"valueName":"search_term_string"}}],"inLanguage":"de"},{"@type":"Organization","@id":"https:\/\/speedsrentacar.com\/#organization","name":"Speeds Rent A Car","url":"https:\/\/speedsrentacar.com\/","logo":{"@type":"ImageObject","inLanguage":"de","@id":"https:\/\/speedsrentacar.com\/#\/schema\/logo\/image\/","url":"https:\/\/speedsrentacar.com\/wp-content\/uploads\/2024\/02\/rent-a-car-rhodes-speeds-logo563x563.png","contentUrl":"https:\/\/speedsrentacar.com\/wp-content\/uploads\/2024\/02\/rent-a-car-rhodes-speeds-logo563x563.png","width":563,"height":563,"caption":"Speeds Rent A Car"},"image":{"@id":"https:\/\/speedsrentacar.com\/#\/schema\/logo\/image\/"},"sameAs":["https:\/\/www.facebook.com\/speedsrentacar\/"],"description":"Speeds is a car rental company in Rhodes island, in the area of Ialysos. Rent a car & Transfers","email":"speedsrentcar@gmail.com","telephone":"6980906561","legalName":"SPEEDS RENT A CAR \u0399 \u039a \u0395","foundingDate":"2022-10-20","vatID":"801942933","numberOfEmployees":{"@type":"QuantitativeValue","minValue":"1","maxValue":"10"}}]}},"_links":{"self":[{"href":"https:\/\/speedsrentacar.com\/de\/wp-json\/wp\/v2\/pages\/693","targetHints":{"allow":["GET"]}}],"collection":[{"href":"https:\/\/speedsrentacar.com\/de\/wp-json\/wp\/v2\/pages"}],"about":[{"href":"https:\/\/speedsrentacar.com\/de\/wp-json\/wp\/v2\/types\/page"}],"author":[{"embeddable":true,"href":"https:\/\/speedsrentacar.com\/de\/wp-json\/wp\/v2\/users\/2"}],"replies":[{"embeddable":true,"href":"https:\/\/speedsrentacar.com\/de\/wp-json\/wp\/v2\/comments?post=693"}],"version-history":[{"count":91,"href":"https:\/\/speedsrentacar.com\/de\/wp-json\/wp\/v2\/pages\/693\/revisions"}],"predecessor-version":[{"id":2748,"href":"https:\/\/speedsrentacar.com\/de\/wp-json\/wp\/v2\/pages\/693\/revisions\/2748"}],"wp:attachment":[{"href":"https:\/\/speedsrentacar.com\/de\/wp-json\/wp\/v2\/media?parent=693"}],"curies":[{"name":"wp","href":"https:\/\/api.w.org\/{rel}","templated":true}]}}